{"id":49,"date":"2026-04-29T17:27:59","date_gmt":"2026-04-29T15:27:59","guid":{"rendered":"https:\/\/trycholog-kosmetolog.turek.pl\/?page_id=49"},"modified":"2026-04-29T17:27:59","modified_gmt":"2026-04-29T15:27:59","slug":"trycholog-turek","status":"publish","type":"page","link":"https:\/\/trycholog-kosmetolog.turek.pl\/?page_id=49","title":{"rendered":"Trycholog Turek"},"content":{"rendered":"\n<p class=\"has-background\" style=\"background-color:#f7f5f2\">Szukasz trychologa w Turku?<\/p>\n\n\n\n<p class=\"has-background\" style=\"background-color:#f7f5f2\">Oferuj\u0119 profesjonaln\u0105 pomoc w problemach sk\u00f3ry g\u0142owy i w\u0142os\u00f3w, takich jak wypadanie w\u0142os\u00f3w, \u0142upie\u017c czy \u0142ysienie.<\/p>\n\n\n\n<p class=\"has-background\" style=\"background-color:#f7f5f2\">Jako dyplomowany trycholog i kosmetolog zapewniam indywidualne podej\u015bcie oraz skuteczne terapie dopasowane do potrzeb klienta.<\/p>\n\n\n\n<p class=\"has-background\" style=\"background-color:#f7f5f2\">Gabinet znajduje si\u0119 w Turku. Um\u00f3w wizyt\u0119 online ju\u017c dzi\u015b.<\/p>\n\n\n\n<div class=\"wp-block-buttons is-layout-flex wp-block-buttons-is-layout-flex\">\n<div class=\"wp-block-button\"><a class=\"wp-block-button__link wp-element-button\">Um\u00f3w wizyt\u0119: https:\/\/trychologiaikosmetologiamagdalenabrzozowska.booksy.com\/a<\/a><\/div>\n<\/div>\n","protected":false},"excerpt":{"rendered":"<p>Szukasz trychologa w Turku? Oferuj\u0119 profesjonaln\u0105 pomoc w problemach sk\u00f3ry g\u0142owy i w\u0142os\u00f3w, takich jak wypadanie w\u0142os\u00f3w, \u0142upie\u017c czy \u0142ysienie. [&hellip;]<\/p>\n","protected":false},"author":1,"featured_media":0,"parent":0,"menu_order":0,"comment_status":"closed","ping_status":"closed","template":"","meta":{"site-sidebar-layout":"default","site-content-layout":"","ast-site-content-layout":"default","site-content-style":"default","site-sidebar-style":"default","ast-global-header-display":"","ast-banner-title-visibility":"","ast-main-header-display":"","ast-hfb-above-header-display":"","ast-hfb-below-header-display":"","ast-hfb-mobile-header-display":"","site-post-title":"","ast-breadcrumbs-content":"","ast-featured-img":"","footer-sml-layout":"","ast-disable-related-posts":"","theme-transparent-header-meta":"","adv-header-id-meta":"","stick-header-meta":"","header-above-stick-meta":"","header-main-stick-meta":"","header-below-stick-meta":"","astra-migrate-meta-layouts":"default","ast-page-background-enabled":"default","ast-page-background-meta":{"desktop":{"background-color":"var(--ast-global-color-5)","background-image":"","background-repeat":"repeat","background-position":"center center","background-size":"auto","background-attachment":"scroll","background-type":"","background-media":"","overlay-type":"","overlay-color":"","overlay-opacity":"","overlay-gradient":""},"tablet":{"background-color":"","background-image":"","background-repeat":"repeat","background-position":"center center","background-size":"auto","background-attachment":"scroll","background-type":"","background-media":"","overlay-type":"","overlay-color":"","overlay-opacity":"","overlay-gradient":""},"mobile":{"background-color":"","background-image":"","background-repeat":"repeat","background-position":"center center","background-size":"auto","background-attachment":"scroll","background-type":"","background-media":"","overlay-type":"","overlay-color":"","overlay-opacity":"","overlay-gradient":""}},"ast-content-background-meta":{"desktop":{"background-color":"var(--ast-global-color-4)","background-image":"","background-repeat":"repeat","background-position":"center center","background-size":"auto","background-attachment":"scroll","background-type":"","background-media":"","overlay-type":"","overlay-color":"","overlay-opacity":"","overlay-gradient":""},"tablet":{"background-color":"var(--ast-global-color-4)","background-image":"","background-repeat":"repeat","background-position":"center center","background-size":"auto","background-attachment":"scroll","background-type":"","background-media":"","overlay-type":"","overlay-color":"","overlay-opacity":"","overlay-gradient":""},"mobile":{"background-color":"var(--ast-global-color-4)","background-image":"","background-repeat":"repeat","background-position":"center center","background-size":"auto","background-attachment":"scroll","background-type":"","background-media":"","overlay-type":"","overlay-color":"","overlay-opacity":"","overlay-gradient":""}},"footnotes":""},"class_list":["post-49","page","type-page","status-publish","hentry"],"_links":{"self":[{"href":"https:\/\/trycholog-kosmetolog.turek.pl\/index.php?rest_route=\/wp\/v2\/pages\/49","targetHints":{"allow":["GET"]}}],"collection":[{"href":"https:\/\/trycholog-kosmetolog.turek.pl\/index.php?rest_route=\/wp\/v2\/pages"}],"about":[{"href":"https:\/\/trycholog-kosmetolog.turek.pl\/index.php?rest_route=\/wp\/v2\/types\/page"}],"author":[{"embeddable":true,"href":"https:\/\/trycholog-kosmetolog.turek.pl\/index.php?rest_route=\/wp\/v2\/users\/1"}],"replies":[{"embeddable":true,"href":"https:\/\/trycholog-kosmetolog.turek.pl\/index.php?rest_route=%2Fwp%2Fv2%2Fcomments&post=49"}],"version-history":[{"count":1,"href":"https:\/\/trycholog-kosmetolog.turek.pl\/index.php?rest_route=\/wp\/v2\/pages\/49\/revisions"}],"predecessor-version":[{"id":50,"href":"https:\/\/trycholog-kosmetolog.turek.pl\/index.php?rest_route=\/wp\/v2\/pages\/49\/revisions\/50"}],"wp:attachment":[{"href":"https:\/\/trycholog-kosmetolog.turek.pl\/index.php?rest_route=%2Fwp%2Fv2%2Fmedia&parent=49"}],"curies":[{"name":"wp","href":"https:\/\/api.w.org\/{rel}","templated":true}]}}